{"id":3015,"date":"2021-09-17T17:14:01","date_gmt":"2021-09-17T20:14:01","guid":{"rendered":"https:\/\/www.mauriciodaletzky.com.ar\/web\/?page_id=3015"},"modified":"2021-09-21T08:03:55","modified_gmt":"2021-09-21T11:03:55","slug":"premios","status":"publish","type":"page","link":"https:\/\/www.mauriciodaletzky.com.ar\/web\/en\/premios\/","title":{"rendered":"AWARDS"},"content":{"rendered":"<div data-elementor-type=\"wp-page\" data-elementor-id=\"3015\" class=\"elementor elementor-3015\">\n\t\t\t\t\t\t<section class=\"elementor-section elementor-top-section elementor-element elementor-element-6c97caa0 elementor-section-boxed elementor-section-height-default elementor-section-height-default\" data-id=\"6c97caa0\" data-element_type=\"section\" data-e-type=\"section\">\n\t\t\t\t\t\t<div class=\"elementor-container elementor-column-gap-default\">\n\t\t\t\t\t<div class=\"elementor-column elementor-col-33 elementor-top-column elementor-element elementor-element-4ddb9f0 elementor-invisible\" data-id=\"4ddb9f0\" data-element_type=\"column\" data-e-type=\"column\" data-settings=\"{&quot;animation&quot;:&quot;fadeInLeft&quot;}\">\n\t\t\t<div class=\"elementor-widget-wrap elementor-element-populated\">\n\t\t\t\t\t\t<div class=\"elementor-element elementor-element-7b15a7f gallery-spacing-custom elementor-widget elementor-widget-image-gallery\" data-id=\"7b15a7f\" data-element_type=\"widget\" data-e-type=\"widget\" data-widget_type=\"image-gallery.default\">\n\t\t\t\t<div class=\"elementor-widget-container\">\n\t\t\t\t\t\t\t<div class=\"elementor-image-gallery\">\n\t\t\t<div id='gallery-1' class='gallery galleryid-3015 gallery-columns-2 gallery-size-thumbnail'><figure class='gallery-item'>\n\t\t\t<div class='gallery-icon portrait'>\n\t\t\t\t<a data-elementor-open-lightbox=\"yes\" data-elementor-lightbox-slideshow=\"7b15a7f\" data-elementor-lightbox-title=\"WhatsApp Image 2021-09-17 at 18.00.14 (3)\" data-e-action-hash=\"#elementor-action%3Aaction%3Dlightbox%26settings%3DeyJpZCI6MzAyMiwidXJsIjoiaHR0cHM6XC9cL3d3dy5tYXVyaWNpb2RhbGV0emt5LmNvbS5hclwvd2ViXC93cC1jb250ZW50XC91cGxvYWRzXC8yMDIxXC8wOVwvV2hhdHNBcHAtSW1hZ2UtMjAyMS0wOS0xNy1hdC0xOC4wMC4xNC0zLmpwZWciLCJzbGlkZXNob3ciOiI3YjE1YTdmIn0%3D\" href='https:\/\/www.mauriciodaletzky.com.ar\/web\/wp-content\/uploads\/2021\/09\/WhatsApp-Image-2021-09-17-at-18.00.14-3.jpeg'><img decoding=\"async\" width=\"150\" height=\"150\" src=\"https:\/\/www.mauriciodaletzky.com.ar\/web\/wp-content\/uploads\/2021\/09\/WhatsApp-Image-2021-09-17-at-18.00.14-3-150x150.jpeg\" class=\"attachment-thumbnail size-thumbnail\" alt=\"\" \/><\/a>\n\t\t\t<\/div><\/figure><figure class='gallery-item'>\n\t\t\t<div class='gallery-icon portrait'>\n\t\t\t\t<a data-elementor-open-lightbox=\"yes\" data-elementor-lightbox-slideshow=\"7b15a7f\" data-elementor-lightbox-title=\"WhatsApp Image 2021-09-17 at 18.00.14 (2)\" data-e-action-hash=\"#elementor-action%3Aaction%3Dlightbox%26settings%3DeyJpZCI6MzAyMywidXJsIjoiaHR0cHM6XC9cL3d3dy5tYXVyaWNpb2RhbGV0emt5LmNvbS5hclwvd2ViXC93cC1jb250ZW50XC91cGxvYWRzXC8yMDIxXC8wOVwvV2hhdHNBcHAtSW1hZ2UtMjAyMS0wOS0xNy1hdC0xOC4wMC4xNC0yLmpwZWciLCJzbGlkZXNob3ciOiI3YjE1YTdmIn0%3D\" href='https:\/\/www.mauriciodaletzky.com.ar\/web\/wp-content\/uploads\/2021\/09\/WhatsApp-Image-2021-09-17-at-18.00.14-2.jpeg'><img decoding=\"async\" width=\"150\" height=\"150\" src=\"https:\/\/www.mauriciodaletzky.com.ar\/web\/wp-content\/uploads\/2021\/09\/WhatsApp-Image-2021-09-17-at-18.00.14-2-150x150.jpeg\" class=\"attachment-thumbnail size-thumbnail\" alt=\"\" \/><\/a>\n\t\t\t<\/div><\/figure><figure class='gallery-item'>\n\t\t\t<div class='gallery-icon portrait'>\n\t\t\t\t<a data-elementor-open-lightbox=\"yes\" data-elementor-lightbox-slideshow=\"7b15a7f\" data-elementor-lightbox-title=\"WhatsApp Image 2021-09-17 at 18.00.14 (1)\" data-e-action-hash=\"#elementor-action%3Aaction%3Dlightbox%26settings%3DeyJpZCI6MzAyNCwidXJsIjoiaHR0cHM6XC9cL3d3dy5tYXVyaWNpb2RhbGV0emt5LmNvbS5hclwvd2ViXC93cC1jb250ZW50XC91cGxvYWRzXC8yMDIxXC8wOVwvV2hhdHNBcHAtSW1hZ2UtMjAyMS0wOS0xNy1hdC0xOC4wMC4xNC0xLmpwZWciLCJzbGlkZXNob3ciOiI3YjE1YTdmIn0%3D\" href='https:\/\/www.mauriciodaletzky.com.ar\/web\/wp-content\/uploads\/2021\/09\/WhatsApp-Image-2021-09-17-at-18.00.14-1.jpeg'><img decoding=\"async\" width=\"150\" height=\"150\" src=\"https:\/\/www.mauriciodaletzky.com.ar\/web\/wp-content\/uploads\/2021\/09\/WhatsApp-Image-2021-09-17-at-18.00.14-1-150x150.jpeg\" class=\"attachment-thumbnail size-thumbnail\" alt=\"\" \/><\/a>\n\t\t\t<\/div><\/figure><figure class='gallery-item'>\n\t\t\t<div class='gallery-icon portrait'>\n\t\t\t\t<a data-elementor-open-lightbox=\"yes\" data-elementor-lightbox-slideshow=\"7b15a7f\" data-elementor-lightbox-title=\"WhatsApp Image 2021-09-17 at 18.00.14\" data-e-action-hash=\"#elementor-action%3Aaction%3Dlightbox%26settings%3DeyJpZCI6MzAyNSwidXJsIjoiaHR0cHM6XC9cL3d3dy5tYXVyaWNpb2RhbGV0emt5LmNvbS5hclwvd2ViXC93cC1jb250ZW50XC91cGxvYWRzXC8yMDIxXC8wOVwvV2hhdHNBcHAtSW1hZ2UtMjAyMS0wOS0xNy1hdC0xOC4wMC4xNC5qcGVnIiwic2xpZGVzaG93IjoiN2IxNWE3ZiJ9\" href='https:\/\/www.mauriciodaletzky.com.ar\/web\/wp-content\/uploads\/2021\/09\/WhatsApp-Image-2021-09-17-at-18.00.14.jpeg'><img loading=\"lazy\" decoding=\"async\" width=\"150\" height=\"150\" src=\"https:\/\/www.mauriciodaletzky.com.ar\/web\/wp-content\/uploads\/2021\/09\/WhatsApp-Image-2021-09-17-at-18.00.14-150x150.jpeg\" class=\"attachment-thumbnail size-thumbnail\" alt=\"\" \/><\/a>\n\t\t\t<\/div><\/figure><figure class='gallery-item'>\n\t\t\t<div class='gallery-icon portrait'>\n\t\t\t\t<a data-elementor-open-lightbox=\"yes\" data-elementor-lightbox-slideshow=\"7b15a7f\" data-elementor-lightbox-title=\"WhatsApp Image 2021-09-17 at 18.00.13\" data-e-action-hash=\"#elementor-action%3Aaction%3Dlightbox%26settings%3DeyJpZCI6MzAyNiwidXJsIjoiaHR0cHM6XC9cL3d3dy5tYXVyaWNpb2RhbGV0emt5LmNvbS5hclwvd2ViXC93cC1jb250ZW50XC91cGxvYWRzXC8yMDIxXC8wOVwvV2hhdHNBcHAtSW1hZ2UtMjAyMS0wOS0xNy1hdC0xOC4wMC4xMy5qcGVnIiwic2xpZGVzaG93IjoiN2IxNWE3ZiJ9\" href='https:\/\/www.mauriciodaletzky.com.ar\/web\/wp-content\/uploads\/2021\/09\/WhatsApp-Image-2021-09-17-at-18.00.13.jpeg'><img loading=\"lazy\" decoding=\"async\" width=\"150\" height=\"150\" src=\"https:\/\/www.mauriciodaletzky.com.ar\/web\/wp-content\/uploads\/2021\/09\/WhatsApp-Image-2021-09-17-at-18.00.13-150x150.jpeg\" class=\"attachment-thumbnail size-thumbnail\" alt=\"\" \/><\/a>\n\t\t\t<\/div><\/figure>\n\t\t<\/div>\n\t\t<\/div>\n\t\t\t\t\t\t<\/div>\n\t\t\t\t<\/div>\n\t\t\t\t\t<\/div>\n\t\t<\/div>\n\t\t\t\t<div class=\"elementor-column elementor-col-66 elementor-top-column elementor-element elementor-element-679fea11\" data-id=\"679fea11\" data-element_type=\"column\" data-e-type=\"column\">\n\t\t\t<div class=\"elementor-widget-wrap elementor-element-populated\">\n\t\t\t\t\t\t<div class=\"elementor-element elementor-element-f49d677 elementor-invisible elementor-widget elementor-widget-text-editor\" data-id=\"f49d677\" data-element_type=\"widget\" data-e-type=\"widget\" data-settings=\"{&quot;_animation&quot;:&quot;zoomIn&quot;}\" data-widget_type=\"text-editor.default\">\n\t\t\t\t<div class=\"elementor-widget-container\">\n\t\t\t\t\t\t\t\t\t<p><b>Mis actividades como artesano comienzan en 1987 dedic\u00e1ndome hasta 2002 a la Joyer\u00eda.<\/b><br>Fue entonces que desde 2002 me dediqu\u00e9 al aprendizaje y desarrollo en la forja de acero damasco para cuchillos hasta la actualidad y la confecci\u00f3n de los mismos aplicando diferentes t\u00e9cnicas aprendidas.<\/p>\t\t\t\t\t\t\t\t<\/div>\n\t\t\t\t<\/div>\n\t\t\t\t<div class=\"elementor-element elementor-element-783c2e44 elementor-invisible elementor-widget elementor-widget-text-editor\" data-id=\"783c2e44\" data-element_type=\"widget\" data-e-type=\"widget\" data-settings=\"{&quot;_animation&quot;:&quot;fadeInRight&quot;}\" data-widget_type=\"text-editor.default\">\n\t\t\t\t<div class=\"elementor-widget-container\">\n\t\t\t\t\t\t\t\t\t<p><\/p>\n<p>A lo largo de mi carrera he recibido diversos premios y reconocimientos por mi trabajo.<\/p>\n<p><\/p>\n<p><\/p>\n<p><strong>Premios Internacionales:<\/strong><\/p>\n<ul class=\"wp-block-list\">\n<li>Mejor cuchillo de Arte en Bladeshow 2020 realizado en Atlanta- Estados Unidos<\/li>\n<\/ul>\n<p><strong>Premios nacionales:<\/strong><\/p>\n<ul>\n<li>2014 Primer Premio Mejor Damasco Exposici\u00f3n Muestra Anual de Cuchiller\u00eda MAC\u2013 Argentina<\/li>\n<li>2012 Primer premio categor\u00eda Mejor Cuchillo en la exposici\u00f3n Muestra Anual de Cuchiller\u00eda<\/li>\n<li>MAC \u2013 Argentina<\/li>\n<li>Febrero de 2006 &#8211; Distinci\u00f3n \u201cRueca de Plata\u201d, en el rubro \u201cArtesano Calificado\u201d, en la XXI Fiesta Nacional de la Artesan\u00eda con Proyecci\u00f3n Latinoamericana, Col\u00f3n, Entre R\u00edos, Argentina<\/li>\n<li>2006 &#8211; Primer Premio \u2013 categor\u00eda \u00c1rea de proyecci\u00f3n en Exposici\u00f3n de Maestros Artesanos \u2013 Argentina<\/li>\n<li>Junio de 2006 &#8211; Premio Adquisici\u00f3n Del Fondo Nacional De Las Artes, otorgado en el 9\u00b0 Sal\u00f3n Nacional de Creatividad y Dise\u00f1o Artesanal, Berazategui, Provincia de Buenos Aires-Argentina.<\/li>\n<li>Octubre de 2004 &#8211; 1\u00b0 Menci\u00f3n en el \u00e1rea, MENCION ESPECIAL AREA PROYECCI\u00d3N FOLKLORICA Cuarta Feria Nacional de Maestros Artesanos y Jornadas de Formaci\u00f3n Artesanal \u2013, Santa Fe- Argentina<\/li>\n<li>Premio Creatividad y Dise\u00f1o Artesanal 2006 otorgado en la Exposici\u00f3n de Maestros Artesanos-de parte del Fondo Nacional de las Artes \u2013 Argentina<\/li>\n<\/ul>\n<p><\/p>\t\t\t\t\t\t\t\t<\/div>\n\t\t\t\t<\/div>\n\t\t\t\t\t<\/div>\n\t\t<\/div>\n\t\t\t\t\t<\/div>\n\t\t<\/section>\n\t\t\t\t<\/div>","protected":false},"excerpt":{"rendered":"<p>Mis actividades como artesano comienzan en 1987 dedic\u00e1ndome hasta 2002 a la Joyer\u00eda.Fue entonces que desde 2002 me dediqu\u00e9 al aprendizaje y desarrollo en la forja de acero damasco para cuchillos hasta la actualidad y la confecci\u00f3n de los mismos aplicando diferentes t\u00e9cnicas aprendidas. A lo largo de mi carrera he recibido diversos premios y [&hellip;]<\/p>\n","protected":false},"author":1,"featured_media":0,"parent":0,"menu_order":0,"comment_status":"closed","ping_status":"closed","template":"","meta":{"zakra_page_container_layout":"customizer","zakra_page_sidebar_layout":"customizer","zakra_remove_content_margin":false,"zakra_sidebar":"customizer","zakra_transparent_header":"customizer","zakra_logo":0,"zakra_main_header_style":"default","zakra_menu_item_color":"","zakra_menu_item_hover_color":"","zakra_menu_item_active_color":"","zakra_menu_active_style":"","zakra_page_header":true,"_vp_format_video_url":"","_vp_image_focal_point":[],"footnotes":""},"class_list":["post-3015","page","type-page","status-publish","hentry"],"_links":{"self":[{"href":"https:\/\/www.mauriciodaletzky.com.ar\/web\/en\/wp-json\/wp\/v2\/pages\/3015","targetHints":{"allow":["GET"]}}],"collection":[{"href":"https:\/\/www.mauriciodaletzky.com.ar\/web\/en\/wp-json\/wp\/v2\/pages"}],"about":[{"href":"https:\/\/www.mauriciodaletzky.com.ar\/web\/en\/wp-json\/wp\/v2\/types\/page"}],"author":[{"embeddable":true,"href":"https:\/\/www.mauriciodaletzky.com.ar\/web\/en\/wp-json\/wp\/v2\/users\/1"}],"replies":[{"embeddable":true,"href":"https:\/\/www.mauriciodaletzky.com.ar\/web\/en\/wp-json\/wp\/v2\/comments?post=3015"}],"version-history":[{"count":26,"href":"https:\/\/www.mauriciodaletzky.com.ar\/web\/en\/wp-json\/wp\/v2\/pages\/3015\/revisions"}],"predecessor-version":[{"id":3068,"href":"https:\/\/www.mauriciodaletzky.com.ar\/web\/en\/wp-json\/wp\/v2\/pages\/3015\/revisions\/3068"}],"wp:attachment":[{"href":"https:\/\/www.mauriciodaletzky.com.ar\/web\/en\/wp-json\/wp\/v2\/media?parent=3015"}],"curies":[{"name":"wp","href":"https:\/\/api.w.org\/{rel}","templated":true}]}}