{"id":2136,"date":"2021-08-19T09:20:04","date_gmt":"2021-08-19T12:20:04","guid":{"rendered":"http:\/\/www.mauriciodaletzky.com.ar\/web\/?page_id=2136"},"modified":"2021-09-22T07:38:11","modified_gmt":"2021-09-22T10:38:11","slug":"docencia","status":"publish","type":"page","link":"https:\/\/www.mauriciodaletzky.com.ar\/web\/en\/docencia\/","title":{"rendered":"Teaching"},"content":{"rendered":"<div data-elementor-type=\"wp-page\" data-elementor-id=\"2136\" class=\"elementor elementor-2136\">\n\t\t\t\t\t\t<section class=\"elementor-section elementor-top-section elementor-element elementor-element-3680b33 elementor-section-boxed elementor-section-height-default elementor-section-height-default elementor-invisible\" data-id=\"3680b33\" data-element_type=\"section\" data-e-type=\"section\" data-settings=\"{&quot;animation&quot;:&quot;fadeInLeft&quot;}\">\n\t\t\t\t\t\t<div class=\"elementor-container elementor-column-gap-default\">\n\t\t\t\t\t<div class=\"elementor-column elementor-col-100 elementor-top-column elementor-element elementor-element-b55f097\" data-id=\"b55f097\" data-element_type=\"column\" data-e-type=\"column\">\n\t\t\t<div class=\"elementor-widget-wrap elementor-element-populated\">\n\t\t\t\t\t\t<div class=\"elementor-element elementor-element-ac780a5 elementor-widget elementor-widget-text-editor\" data-id=\"ac780a5\" data-element_type=\"widget\" data-e-type=\"widget\" data-widget_type=\"text-editor.default\">\n\t\t\t\t<div class=\"elementor-widget-container\">\n\t\t\t\t\t\t\t\t\t<p>In recent years we are dedicated to the transmission of various craft techniques related to forging Damascus steel and silver in general.<br \/>Ofrecemos un formato de talleres mensuales dentro de los cuales realizamos en forma practica un programa donde ense\u00f1a el oficio que me ha permitido desarrollar mis creaciones.<\/p>\t\t\t\t\t\t\t\t<\/div>\n\t\t\t\t<\/div>\n\t\t\t\t\t<\/div>\n\t\t<\/div>\n\t\t\t\t\t<\/div>\n\t\t<\/section>\n\t\t\t\t<section class=\"elementor-section elementor-top-section elementor-element elementor-element-968b0f1 elementor-section-boxed elementor-section-height-default elementor-section-height-default elementor-invisible\" data-id=\"968b0f1\" data-element_type=\"section\" data-e-type=\"section\" data-settings=\"{&quot;animation&quot;:&quot;fadeInRight&quot;}\">\n\t\t\t\t\t\t<div class=\"elementor-container elementor-column-gap-default\">\n\t\t\t\t\t<div class=\"elementor-column elementor-col-100 elementor-top-column elementor-element elementor-element-e8eecfa\" data-id=\"e8eecfa\" data-element_type=\"column\" data-e-type=\"column\">\n\t\t\t<div class=\"elementor-widget-wrap elementor-element-populated\">\n\t\t\t\t\t\t<div class=\"elementor-element elementor-element-b6355d9 gallery-spacing-custom elementor-widget elementor-widget-image-gallery\" data-id=\"b6355d9\" data-element_type=\"widget\" data-e-type=\"widget\" data-widget_type=\"image-gallery.default\">\n\t\t\t\t<div class=\"elementor-widget-container\">\n\t\t\t\t\t\t\t<div class=\"elementor-image-gallery\">\n\t\t\t<div id='gallery-1' class='gallery galleryid-2136 gallery-columns-4 gallery-size-medium'><figure class='gallery-item'>\n\t\t\t<div class='gallery-icon landscape'>\n\t\t\t\t<a data-elementor-open-lightbox=\"yes\" data-elementor-lightbox-slideshow=\"b6355d9\" data-elementor-lightbox-title=\"OLYMPUS DIGITAL CAMERA\" data-e-action-hash=\"#elementor-action%3Aaction%3Dlightbox%26settings%3DeyJpZCI6MjE0MywidXJsIjoiaHR0cHM6XC9cL3d3dy5tYXVyaWNpb2RhbGV0emt5LmNvbS5hclwvd2ViXC93cC1jb250ZW50XC91cGxvYWRzXC8yMDIxXC8wOFwvNi02LmpwZyIsInNsaWRlc2hvdyI6ImI2MzU1ZDkifQ%3D%3D\" href='https:\/\/www.mauriciodaletzky.com.ar\/web\/wp-content\/uploads\/2021\/08\/6-6.jpg'><img decoding=\"async\" width=\"300\" height=\"115\" src=\"https:\/\/www.mauriciodaletzky.com.ar\/web\/wp-content\/uploads\/2021\/08\/6-6-300x115.jpg\" class=\"attachment-medium size-medium\" alt=\"\" srcset=\"https:\/\/www.mauriciodaletzky.com.ar\/web\/wp-content\/uploads\/2021\/08\/6-6-300x115.jpg 300w, https:\/\/www.mauriciodaletzky.com.ar\/web\/wp-content\/uploads\/2021\/08\/6-6-768x294.jpg 768w, https:\/\/www.mauriciodaletzky.com.ar\/web\/wp-content\/uploads\/2021\/08\/6-6-18x7.jpg 18w, https:\/\/www.mauriciodaletzky.com.ar\/web\/wp-content\/uploads\/2021\/08\/6-6-500x191.jpg 500w, https:\/\/www.mauriciodaletzky.com.ar\/web\/wp-content\/uploads\/2021\/08\/6-6-800x306.jpg 800w, https:\/\/www.mauriciodaletzky.com.ar\/web\/wp-content\/uploads\/2021\/08\/6-6.jpg 944w\" sizes=\"(max-width: 300px) 100vw, 300px\" \/><\/a>\n\t\t\t<\/div><\/figure><figure class='gallery-item'>\n\t\t\t<div class='gallery-icon landscape'>\n\t\t\t\t<a data-elementor-open-lightbox=\"yes\" data-elementor-lightbox-slideshow=\"b6355d9\" data-elementor-lightbox-title=\"OLYMPUS DIGITAL CAMERA\" data-e-action-hash=\"#elementor-action%3Aaction%3Dlightbox%26settings%3DeyJpZCI6MjE0MiwidXJsIjoiaHR0cHM6XC9cL3d3dy5tYXVyaWNpb2RhbGV0emt5LmNvbS5hclwvd2ViXC93cC1jb250ZW50XC91cGxvYWRzXC8yMDIxXC8wOFwvNS03LmpwZyIsInNsaWRlc2hvdyI6ImI2MzU1ZDkifQ%3D%3D\" href='https:\/\/www.mauriciodaletzky.com.ar\/web\/wp-content\/uploads\/2021\/08\/5-7.jpg'><img decoding=\"async\" width=\"300\" height=\"115\" src=\"https:\/\/www.mauriciodaletzky.com.ar\/web\/wp-content\/uploads\/2021\/08\/5-7-300x115.jpg\" class=\"attachment-medium size-medium\" alt=\"\" srcset=\"https:\/\/www.mauriciodaletzky.com.ar\/web\/wp-content\/uploads\/2021\/08\/5-7-300x115.jpg 300w, https:\/\/www.mauriciodaletzky.com.ar\/web\/wp-content\/uploads\/2021\/08\/5-7-768x294.jpg 768w, https:\/\/www.mauriciodaletzky.com.ar\/web\/wp-content\/uploads\/2021\/08\/5-7-18x7.jpg 18w, https:\/\/www.mauriciodaletzky.com.ar\/web\/wp-content\/uploads\/2021\/08\/5-7-500x191.jpg 500w, https:\/\/www.mauriciodaletzky.com.ar\/web\/wp-content\/uploads\/2021\/08\/5-7-800x306.jpg 800w, https:\/\/www.mauriciodaletzky.com.ar\/web\/wp-content\/uploads\/2021\/08\/5-7.jpg 944w\" sizes=\"(max-width: 300px) 100vw, 300px\" \/><\/a>\n\t\t\t<\/div><\/figure><figure class='gallery-item'>\n\t\t\t<div class='gallery-icon landscape'>\n\t\t\t\t<a data-elementor-open-lightbox=\"yes\" data-elementor-lightbox-slideshow=\"b6355d9\" data-elementor-lightbox-title=\"OLYMPUS DIGITAL CAMERA\" data-e-action-hash=\"#elementor-action%3Aaction%3Dlightbox%26settings%3DeyJpZCI6MjEzOSwidXJsIjoiaHR0cHM6XC9cL3d3dy5tYXVyaWNpb2RhbGV0emt5LmNvbS5hclwvd2ViXC93cC1jb250ZW50XC91cGxvYWRzXC8yMDIxXC8wOFwvMi04LmpwZyIsInNsaWRlc2hvdyI6ImI2MzU1ZDkifQ%3D%3D\" href='https:\/\/www.mauriciodaletzky.com.ar\/web\/wp-content\/uploads\/2021\/08\/2-8.jpg'><img decoding=\"async\" width=\"300\" height=\"115\" src=\"https:\/\/www.mauriciodaletzky.com.ar\/web\/wp-content\/uploads\/2021\/08\/2-8-300x115.jpg\" class=\"attachment-medium size-medium\" alt=\"\" srcset=\"https:\/\/www.mauriciodaletzky.com.ar\/web\/wp-content\/uploads\/2021\/08\/2-8-300x115.jpg 300w, https:\/\/www.mauriciodaletzky.com.ar\/web\/wp-content\/uploads\/2021\/08\/2-8-768x294.jpg 768w, https:\/\/www.mauriciodaletzky.com.ar\/web\/wp-content\/uploads\/2021\/08\/2-8-18x7.jpg 18w, https:\/\/www.mauriciodaletzky.com.ar\/web\/wp-content\/uploads\/2021\/08\/2-8-500x191.jpg 500w, https:\/\/www.mauriciodaletzky.com.ar\/web\/wp-content\/uploads\/2021\/08\/2-8-800x306.jpg 800w, https:\/\/www.mauriciodaletzky.com.ar\/web\/wp-content\/uploads\/2021\/08\/2-8.jpg 944w\" sizes=\"(max-width: 300px) 100vw, 300px\" \/><\/a>\n\t\t\t<\/div><\/figure><figure class='gallery-item'>\n\t\t\t<div class='gallery-icon landscape'>\n\t\t\t\t<a data-elementor-open-lightbox=\"yes\" data-elementor-lightbox-slideshow=\"b6355d9\" data-elementor-lightbox-title=\"OLYMPUS DIGITAL CAMERA\" data-e-action-hash=\"#elementor-action%3Aaction%3Dlightbox%26settings%3DeyJpZCI6MjE0MSwidXJsIjoiaHR0cHM6XC9cL3d3dy5tYXVyaWNpb2RhbGV0emt5LmNvbS5hclwvd2ViXC93cC1jb250ZW50XC91cGxvYWRzXC8yMDIxXC8wOFwvNC03LmpwZyIsInNsaWRlc2hvdyI6ImI2MzU1ZDkifQ%3D%3D\" href='https:\/\/www.mauriciodaletzky.com.ar\/web\/wp-content\/uploads\/2021\/08\/4-7.jpg'><img loading=\"lazy\" decoding=\"async\" width=\"300\" height=\"115\" src=\"https:\/\/www.mauriciodaletzky.com.ar\/web\/wp-content\/uploads\/2021\/08\/4-7-300x115.jpg\" class=\"attachment-medium size-medium\" alt=\"\" srcset=\"https:\/\/www.mauriciodaletzky.com.ar\/web\/wp-content\/uploads\/2021\/08\/4-7-300x115.jpg 300w, https:\/\/www.mauriciodaletzky.com.ar\/web\/wp-content\/uploads\/2021\/08\/4-7-768x294.jpg 768w, https:\/\/www.mauriciodaletzky.com.ar\/web\/wp-content\/uploads\/2021\/08\/4-7-18x7.jpg 18w, https:\/\/www.mauriciodaletzky.com.ar\/web\/wp-content\/uploads\/2021\/08\/4-7-500x191.jpg 500w, https:\/\/www.mauriciodaletzky.com.ar\/web\/wp-content\/uploads\/2021\/08\/4-7-800x306.jpg 800w, https:\/\/www.mauriciodaletzky.com.ar\/web\/wp-content\/uploads\/2021\/08\/4-7.jpg 944w\" sizes=\"(max-width: 300px) 100vw, 300px\" \/><\/a>\n\t\t\t<\/div><\/figure><figure class='gallery-item'>\n\t\t\t<div class='gallery-icon landscape'>\n\t\t\t\t<a data-elementor-open-lightbox=\"yes\" data-elementor-lightbox-slideshow=\"b6355d9\" data-elementor-lightbox-title=\"OLYMPUS DIGITAL CAMERA\" data-e-action-hash=\"#elementor-action%3Aaction%3Dlightbox%26settings%3DeyJpZCI6MjE0NCwidXJsIjoiaHR0cHM6XC9cL3d3dy5tYXVyaWNpb2RhbGV0emt5LmNvbS5hclwvd2ViXC93cC1jb250ZW50XC91cGxvYWRzXC8yMDIxXC8wOFwvNy01LmpwZyIsInNsaWRlc2hvdyI6ImI2MzU1ZDkifQ%3D%3D\" href='https:\/\/www.mauriciodaletzky.com.ar\/web\/wp-content\/uploads\/2021\/08\/7-5.jpg'><img loading=\"lazy\" decoding=\"async\" width=\"300\" height=\"115\" src=\"https:\/\/www.mauriciodaletzky.com.ar\/web\/wp-content\/uploads\/2021\/08\/7-5-300x115.jpg\" class=\"attachment-medium size-medium\" alt=\"\" srcset=\"https:\/\/www.mauriciodaletzky.com.ar\/web\/wp-content\/uploads\/2021\/08\/7-5-300x115.jpg 300w, https:\/\/www.mauriciodaletzky.com.ar\/web\/wp-content\/uploads\/2021\/08\/7-5-768x294.jpg 768w, https:\/\/www.mauriciodaletzky.com.ar\/web\/wp-content\/uploads\/2021\/08\/7-5-18x7.jpg 18w, https:\/\/www.mauriciodaletzky.com.ar\/web\/wp-content\/uploads\/2021\/08\/7-5-500x191.jpg 500w, https:\/\/www.mauriciodaletzky.com.ar\/web\/wp-content\/uploads\/2021\/08\/7-5-800x306.jpg 800w, https:\/\/www.mauriciodaletzky.com.ar\/web\/wp-content\/uploads\/2021\/08\/7-5.jpg 944w\" sizes=\"(max-width: 300px) 100vw, 300px\" \/><\/a>\n\t\t\t<\/div><\/figure><figure class='gallery-item'>\n\t\t\t<div class='gallery-icon landscape'>\n\t\t\t\t<a data-elementor-open-lightbox=\"yes\" data-elementor-lightbox-slideshow=\"b6355d9\" data-elementor-lightbox-title=\"OLYMPUS DIGITAL CAMERA\" data-e-action-hash=\"#elementor-action%3Aaction%3Dlightbox%26settings%3DeyJpZCI6MjE0MCwidXJsIjoiaHR0cHM6XC9cL3d3dy5tYXVyaWNpb2RhbGV0emt5LmNvbS5hclwvd2ViXC93cC1jb250ZW50XC91cGxvYWRzXC8yMDIxXC8wOFwvMy03LmpwZyIsInNsaWRlc2hvdyI6ImI2MzU1ZDkifQ%3D%3D\" href='https:\/\/www.mauriciodaletzky.com.ar\/web\/wp-content\/uploads\/2021\/08\/3-7.jpg'><img loading=\"lazy\" decoding=\"async\" width=\"300\" height=\"115\" src=\"https:\/\/www.mauriciodaletzky.com.ar\/web\/wp-content\/uploads\/2021\/08\/3-7-300x115.jpg\" class=\"attachment-medium size-medium\" alt=\"\" srcset=\"https:\/\/www.mauriciodaletzky.com.ar\/web\/wp-content\/uploads\/2021\/08\/3-7-300x115.jpg 300w, https:\/\/www.mauriciodaletzky.com.ar\/web\/wp-content\/uploads\/2021\/08\/3-7-768x294.jpg 768w, https:\/\/www.mauriciodaletzky.com.ar\/web\/wp-content\/uploads\/2021\/08\/3-7-18x7.jpg 18w, https:\/\/www.mauriciodaletzky.com.ar\/web\/wp-content\/uploads\/2021\/08\/3-7-500x191.jpg 500w, https:\/\/www.mauriciodaletzky.com.ar\/web\/wp-content\/uploads\/2021\/08\/3-7-800x306.jpg 800w, https:\/\/www.mauriciodaletzky.com.ar\/web\/wp-content\/uploads\/2021\/08\/3-7.jpg 944w\" sizes=\"(max-width: 300px) 100vw, 300px\" \/><\/a>\n\t\t\t<\/div><\/figure><figure class='gallery-item'>\n\t\t\t<div class='gallery-icon landscape'>\n\t\t\t\t<a data-elementor-open-lightbox=\"yes\" data-elementor-lightbox-slideshow=\"b6355d9\" data-elementor-lightbox-title=\"OLYMPUS DIGITAL CAMERA\" data-e-action-hash=\"#elementor-action%3Aaction%3Dlightbox%26settings%3DeyJpZCI6MjEzOCwidXJsIjoiaHR0cHM6XC9cL3d3dy5tYXVyaWNpb2RhbGV0emt5LmNvbS5hclwvd2ViXC93cC1jb250ZW50XC91cGxvYWRzXC8yMDIxXC8wOFwvMS04LmpwZyIsInNsaWRlc2hvdyI6ImI2MzU1ZDkifQ%3D%3D\" href='https:\/\/www.mauriciodaletzky.com.ar\/web\/wp-content\/uploads\/2021\/08\/1-8.jpg'><img loading=\"lazy\" decoding=\"async\" width=\"300\" height=\"115\" src=\"https:\/\/www.mauriciodaletzky.com.ar\/web\/wp-content\/uploads\/2021\/08\/1-8-300x115.jpg\" class=\"attachment-medium size-medium\" alt=\"\" srcset=\"https:\/\/www.mauriciodaletzky.com.ar\/web\/wp-content\/uploads\/2021\/08\/1-8-300x115.jpg 300w, https:\/\/www.mauriciodaletzky.com.ar\/web\/wp-content\/uploads\/2021\/08\/1-8-768x294.jpg 768w, https:\/\/www.mauriciodaletzky.com.ar\/web\/wp-content\/uploads\/2021\/08\/1-8-18x7.jpg 18w, https:\/\/www.mauriciodaletzky.com.ar\/web\/wp-content\/uploads\/2021\/08\/1-8-500x191.jpg 500w, https:\/\/www.mauriciodaletzky.com.ar\/web\/wp-content\/uploads\/2021\/08\/1-8-800x306.jpg 800w, https:\/\/www.mauriciodaletzky.com.ar\/web\/wp-content\/uploads\/2021\/08\/1-8.jpg 944w\" sizes=\"(max-width: 300px) 100vw, 300px\" \/><\/a>\n\t\t\t<\/div><\/figure>\n\t\t<\/div>\n\t\t<\/div>\n\t\t\t\t\t\t<\/div>\n\t\t\t\t<\/div>\n\t\t\t\t\t<\/div>\n\t\t<\/div>\n\t\t\t\t\t<\/div>\n\t\t<\/section>\n\t\t\t\t<section class=\"elementor-section elementor-top-section elementor-element elementor-element-aee4852 elementor-section-boxed elementor-section-height-default elementor-section-height-default elementor-invisible\" data-id=\"aee4852\" data-element_type=\"section\" data-e-type=\"section\" data-settings=\"{&quot;animation&quot;:&quot;fadeInRight&quot;}\">\n\t\t\t\t\t\t<div class=\"elementor-container elementor-column-gap-default\">\n\t\t\t\t\t<div class=\"elementor-column elementor-col-100 elementor-top-column elementor-element elementor-element-b708f9e\" data-id=\"b708f9e\" data-element_type=\"column\" data-e-type=\"column\">\n\t\t\t<div class=\"elementor-widget-wrap elementor-element-populated\">\n\t\t\t\t\t\t<section class=\"elementor-section elementor-inner-section elementor-element elementor-element-4fbc313 elementor-section-boxed elementor-section-height-default elementor-section-height-default\" data-id=\"4fbc313\" data-element_type=\"section\" data-e-type=\"section\">\n\t\t\t\t\t\t<div class=\"elementor-container elementor-column-gap-default\">\n\t\t\t\t\t<div class=\"elementor-column elementor-col-50 elementor-inner-column elementor-element elementor-element-98099b7\" data-id=\"98099b7\" data-element_type=\"column\" data-e-type=\"column\">\n\t\t\t<div class=\"elementor-widget-wrap elementor-element-populated\">\n\t\t\t\t\t\t<div class=\"elementor-element elementor-element-e181ea8 elementor-align-center elementor-widget elementor-widget-button\" data-id=\"e181ea8\" data-element_type=\"widget\" data-e-type=\"widget\" data-widget_type=\"button.default\">\n\t\t\t\t<div class=\"elementor-widget-container\">\n\t\t\t\t\t\t\t\t\t<div class=\"elementor-button-wrapper\">\n\t\t\t\t\t<a class=\"elementor-button elementor-button-link elementor-size-md\" href=\"http:\/\/www.mauriciodaletzky.com.ar\/web\/en\/programa-de-joyeria\/\">\n\t\t\t\t\t\t<span class=\"elementor-button-content-wrapper\">\n\t\t\t\t\t\t<span class=\"elementor-button-icon\">\n\t\t\t\t<i aria-hidden=\"true\" class=\"far fa-file-pdf\"><\/i>\t\t\t<\/span>\n\t\t\t\t\t\t\t\t\t<span class=\"elementor-button-text\">Programa de Joyer\u00eda<\/span>\n\t\t\t\t\t<\/span>\n\t\t\t\t\t<\/a>\n\t\t\t\t<\/div>\n\t\t\t\t\t\t\t\t<\/div>\n\t\t\t\t<\/div>\n\t\t\t\t\t<\/div>\n\t\t<\/div>\n\t\t\t\t<div class=\"elementor-column elementor-col-50 elementor-inner-column elementor-element elementor-element-d36e9c0\" data-id=\"d36e9c0\" data-element_type=\"column\" data-e-type=\"column\">\n\t\t\t<div class=\"elementor-widget-wrap elementor-element-populated\">\n\t\t\t\t\t\t<div class=\"elementor-element elementor-element-a44acb9 elementor-align-center elementor-widget elementor-widget-button\" data-id=\"a44acb9\" data-element_type=\"widget\" data-e-type=\"widget\" data-widget_type=\"button.default\">\n\t\t\t\t<div class=\"elementor-widget-container\">\n\t\t\t\t\t\t\t\t\t<div class=\"elementor-button-wrapper\">\n\t\t\t\t\t<a class=\"elementor-button elementor-button-link elementor-size-md\" href=\"http:\/\/www.mauriciodaletzky.com.ar\/web\/en\/programa-de-forja\/\">\n\t\t\t\t\t\t<span class=\"elementor-button-content-wrapper\">\n\t\t\t\t\t\t<span class=\"elementor-button-icon\">\n\t\t\t\t<i aria-hidden=\"true\" class=\"far fa-file-pdf\"><\/i>\t\t\t<\/span>\n\t\t\t\t\t\t\t\t\t<span class=\"elementor-button-text\">Programa de Forja<\/span>\n\t\t\t\t\t<\/span>\n\t\t\t\t\t<\/a>\n\t\t\t\t<\/div>\n\t\t\t\t\t\t\t\t<\/div>\n\t\t\t\t<\/div>\n\t\t\t\t\t<\/div>\n\t\t<\/div>\n\t\t\t\t\t<\/div>\n\t\t<\/section>\n\t\t\t\t<div class=\"elementor-element elementor-element-9a265f0 elementor-widget elementor-widget-spacer\" data-id=\"9a265f0\" data-element_type=\"widget\" data-e-type=\"widget\" data-widget_type=\"spacer.default\">\n\t\t\t\t<div class=\"elementor-widget-container\">\n\t\t\t\t\t\t\t<div class=\"elementor-spacer\">\n\t\t\t<div class=\"elementor-spacer-inner\"><\/div>\n\t\t<\/div>\n\t\t\t\t\t\t<\/div>\n\t\t\t\t<\/div>\n\t\t\t\t\t<\/div>\n\t\t<\/div>\n\t\t\t\t\t<\/div>\n\t\t<\/section>\n\t\t\t\t<section class=\"elementor-section elementor-top-section elementor-element elementor-element-dd966ea elementor-section-full_width elementor-section-content-middle elementor-section-stretched elementor-section-height-default elementor-section-height-default\" data-id=\"dd966ea\" data-element_type=\"section\" data-e-type=\"section\" data-settings=\"{&quot;background_background&quot;:&quot;classic&quot;,&quot;stretch_section&quot;:&quot;section-stretched&quot;}\">\n\t\t\t\t\t\t\t<div class=\"elementor-background-overlay\"><\/div>\n\t\t\t\t\t\t\t<div class=\"elementor-container elementor-column-gap-no\">\n\t\t\t\t\t<div class=\"elementor-column elementor-col-100 elementor-top-column elementor-element elementor-element-f8d7886\" data-id=\"f8d7886\" data-element_type=\"column\" data-e-type=\"column\">\n\t\t\t<div class=\"elementor-widget-wrap elementor-element-populated\">\n\t\t\t\t\t\t<section class=\"elementor-section elementor-inner-section elementor-element elementor-element-ae5fe71 elementor-section-full_width elementor-section-content-middle elementor-section-height-default elementor-section-height-default\" data-id=\"ae5fe71\" data-element_type=\"section\" data-e-type=\"section\">\n\t\t\t\t\t\t<div class=\"elementor-container elementor-column-gap-no\">\n\t\t\t\t\t<div class=\"elementor-column elementor-col-100 elementor-inner-column elementor-element elementor-element-c8537f3 elementor-invisible\" data-id=\"c8537f3\" data-element_type=\"column\" data-e-type=\"column\" data-settings=\"{&quot;animation&quot;:&quot;fadeInRight&quot;}\">\n\t\t\t<div class=\"elementor-widget-wrap elementor-element-populated\">\n\t\t\t\t\t\t<div class=\"elementor-element elementor-element-d41d2b6 elementor-widget elementor-widget-image\" data-id=\"d41d2b6\" data-element_type=\"widget\" data-e-type=\"widget\" data-widget_type=\"image.default\">\n\t\t\t\t<div class=\"elementor-widget-container\">\n\t\t\t\t\t\t\t\t\t\t\t\t\t\t\t<img loading=\"lazy\" decoding=\"async\" width=\"271\" height=\"60\" src=\"https:\/\/www.mauriciodaletzky.com.ar\/web\/wp-content\/uploads\/2019\/05\/crown-top-small.png\" class=\"attachment-large size-large wp-image-124\" alt=\"\" \/>\t\t\t\t\t\t\t\t\t\t\t\t\t\t\t<\/div>\n\t\t\t\t<\/div>\n\t\t\t\t<div class=\"elementor-element elementor-element-5403969 elementor-widget elementor-widget-heading\" data-id=\"5403969\" data-element_type=\"widget\" data-e-type=\"widget\" data-widget_type=\"heading.default\">\n\t\t\t\t<div class=\"elementor-widget-container\">\n\t\t\t\t\t<h5 class=\"elementor-heading-title elementor-size-default\">\"IT IS MY HANDS AND MY ESSENCE THAT FLY THROUGH MY PIECES\"<\/h5>\t\t\t\t<\/div>\n\t\t\t\t<\/div>\n\t\t\t\t<div class=\"elementor-element elementor-element-96c3382 elementor-widget elementor-widget-image\" data-id=\"96c3382\" data-element_type=\"widget\" data-e-type=\"widget\" data-widget_type=\"image.default\">\n\t\t\t\t<div class=\"elementor-widget-container\">\n\t\t\t\t\t\t\t\t\t\t\t\t\t\t\t<img loading=\"lazy\" decoding=\"async\" width=\"204\" height=\"40\" src=\"https:\/\/www.mauriciodaletzky.com.ar\/web\/wp-content\/uploads\/2019\/05\/crown-down-small.png\" class=\"attachment-large size-large wp-image-125\" alt=\"\" \/>\t\t\t\t\t\t\t\t\t\t\t\t\t\t\t<\/div>\n\t\t\t\t<\/div>\n\t\t\t\t\t<\/div>\n\t\t<\/div>\n\t\t\t\t\t<\/div>\n\t\t<\/section>\n\t\t\t\t\t<\/div>\n\t\t<\/div>\n\t\t\t\t\t<\/div>\n\t\t<\/section>\n\t\t\t\t<\/div>","protected":false},"excerpt":{"rendered":"<p>Desde hace unos a\u00f1os nos dedicamos a la transmisi\u00f3n de distintas t\u00e9cnicas artesanales relacionadas a la forja en acero damasco y plater\u00eda en general.Ofrecemos un formato de talleres mensuales dentro de los cuales realizamos en forma practica un programa donde ense\u00f1a el oficio que me ha permitido desarrollar mis creaciones. Programa de Joyer\u00eda Programa de [&hellip;]<\/p>\n","protected":false},"author":1,"featured_media":0,"parent":0,"menu_order":0,"comment_status":"closed","ping_status":"closed","template":"","meta":{"zakra_page_container_layout":"customizer","zakra_page_sidebar_layout":"customizer","zakra_remove_content_margin":false,"zakra_sidebar":"customizer","zakra_transparent_header":"customizer","zakra_logo":0,"zakra_main_header_style":"default","zakra_menu_item_color":"","zakra_menu_item_hover_color":"","zakra_menu_item_active_color":"","zakra_menu_active_style":"","zakra_page_header":true,"_vp_format_video_url":"","_vp_image_focal_point":[],"footnotes":""},"class_list":["post-2136","page","type-page","status-publish","hentry"],"_links":{"self":[{"href":"https:\/\/www.mauriciodaletzky.com.ar\/web\/en\/wp-json\/wp\/v2\/pages\/2136","targetHints":{"allow":["GET"]}}],"collection":[{"href":"https:\/\/www.mauriciodaletzky.com.ar\/web\/en\/wp-json\/wp\/v2\/pages"}],"about":[{"href":"https:\/\/www.mauriciodaletzky.com.ar\/web\/en\/wp-json\/wp\/v2\/types\/page"}],"author":[{"embeddable":true,"href":"https:\/\/www.mauriciodaletzky.com.ar\/web\/en\/wp-json\/wp\/v2\/users\/1"}],"replies":[{"embeddable":true,"href":"https:\/\/www.mauriciodaletzky.com.ar\/web\/en\/wp-json\/wp\/v2\/comments?post=2136"}],"version-history":[{"count":88,"href":"https:\/\/www.mauriciodaletzky.com.ar\/web\/en\/wp-json\/wp\/v2\/pages\/2136\/revisions"}],"predecessor-version":[{"id":3071,"href":"https:\/\/www.mauriciodaletzky.com.ar\/web\/en\/wp-json\/wp\/v2\/pages\/2136\/revisions\/3071"}],"wp:attachment":[{"href":"https:\/\/www.mauriciodaletzky.com.ar\/web\/en\/wp-json\/wp\/v2\/media?parent=2136"}],"curies":[{"name":"wp","href":"https:\/\/api.w.org\/{rel}","templated":true}]}}