{"id":2114,"date":"2021-08-19T09:07:32","date_gmt":"2021-08-19T12:07:32","guid":{"rendered":"http:\/\/www.mauriciodaletzky.com.ar\/web\/?page_id=2114"},"modified":"2021-09-17T19:25:27","modified_gmt":"2021-09-17T22:25:27","slug":"taller","status":"publish","type":"page","link":"https:\/\/www.mauriciodaletzky.com.ar\/web\/en\/taller\/","title":{"rendered":"Workshop"},"content":{"rendered":"<div data-elementor-type=\"wp-page\" data-elementor-id=\"2114\" class=\"elementor elementor-2114\">\n\t\t\t\t\t\t<section class=\"elementor-section elementor-top-section elementor-element elementor-element-8c0a9aa elementor-section-boxed elementor-section-height-default elementor-section-height-default elementor-invisible\" data-id=\"8c0a9aa\" data-element_type=\"section\" data-e-type=\"section\" data-settings=\"{&quot;animation&quot;:&quot;fadeInLeft&quot;}\">\n\t\t\t\t\t\t<div class=\"elementor-container elementor-column-gap-default\">\n\t\t\t\t\t<div class=\"elementor-column elementor-col-100 elementor-top-column elementor-element elementor-element-c8bba2a\" data-id=\"c8bba2a\" data-element_type=\"column\" data-e-type=\"column\">\n\t\t\t<div class=\"elementor-widget-wrap elementor-element-populated\">\n\t\t\t\t\t\t<div class=\"elementor-element elementor-element-d2af972 elementor-widget elementor-widget-text-editor\" data-id=\"d2af972\" data-element_type=\"widget\" data-e-type=\"widget\" data-widget_type=\"text-editor.default\">\n\t\t\t\t<div class=\"elementor-widget-container\">\n\t\t\t\t\t\t\t\t\t<p>We put at your disposal an infrastructure thought to offer a work with better possibilities.<\/p><ul><li>From the creative point of view, regarding design and its artistic perspective.<\/li><li>From the functional aspect, ergonomics, thermic treatments, etc.<\/li><\/ul>\t\t\t\t\t\t\t\t<\/div>\n\t\t\t\t<\/div>\n\t\t\t\t\t<\/div>\n\t\t<\/div>\n\t\t\t\t\t<\/div>\n\t\t<\/section>\n\t\t\t\t<section class=\"elementor-section elementor-top-section elementor-element elementor-element-5a6d1c4 elementor-section-boxed elementor-section-height-default elementor-section-height-default elementor-invisible\" data-id=\"5a6d1c4\" data-element_type=\"section\" data-e-type=\"section\" data-settings=\"{&quot;animation&quot;:&quot;fadeInRight&quot;}\">\n\t\t\t\t\t\t<div class=\"elementor-container elementor-column-gap-default\">\n\t\t\t\t\t<div class=\"elementor-column elementor-col-100 elementor-top-column elementor-element elementor-element-ec0a3b7\" data-id=\"ec0a3b7\" data-element_type=\"column\" data-e-type=\"column\">\n\t\t\t<div class=\"elementor-widget-wrap elementor-element-populated\">\n\t\t\t\t\t\t<div class=\"elementor-element elementor-element-482cb7f gallery-spacing-custom elementor-widget elementor-widget-image-gallery\" data-id=\"482cb7f\" data-element_type=\"widget\" data-e-type=\"widget\" data-widget_type=\"image-gallery.default\">\n\t\t\t\t<div class=\"elementor-widget-container\">\n\t\t\t\t\t\t\t<div class=\"elementor-image-gallery\">\n\t\t\t<div id='gallery-1' class='gallery galleryid-2114 gallery-columns-6 gallery-size-thumbnail'><figure class='gallery-item'>\n\t\t\t<div class='gallery-icon landscape'>\n\t\t\t\t<a data-elementor-open-lightbox=\"yes\" data-elementor-lightbox-slideshow=\"482cb7f\" data-elementor-lightbox-title=\"OLYMPUS DIGITAL CAMERA\" data-e-action-hash=\"#elementor-action%3Aaction%3Dlightbox%26settings%3DeyJpZCI6MjExOSwidXJsIjoiaHR0cHM6XC9cL3d3dy5tYXVyaWNpb2RhbGV0emt5LmNvbS5hclwvd2ViXC93cC1jb250ZW50XC91cGxvYWRzXC8yMDIxXC8wOFwvOC01LmpwZyIsInNsaWRlc2hvdyI6IjQ4MmNiN2YifQ%3D%3D\" href='https:\/\/www.mauriciodaletzky.com.ar\/web\/wp-content\/uploads\/2021\/08\/8-5.jpg'><img decoding=\"async\" width=\"150\" height=\"150\" src=\"https:\/\/www.mauriciodaletzky.com.ar\/web\/wp-content\/uploads\/2021\/08\/8-5-150x150.jpg\" class=\"attachment-thumbnail size-thumbnail\" alt=\"\" aria-describedby=\"gallery-1-2119\" \/><\/a>\n\t\t\t<\/div>\n\t\t\t\t<figcaption class='wp-caption-text gallery-caption' id='gallery-1-2119'>\n\t\t\t\t&#8211;\n\t\t\t\t<\/figcaption><\/figure><figure class='gallery-item'>\n\t\t\t<div class='gallery-icon landscape'>\n\t\t\t\t<a data-elementor-open-lightbox=\"yes\" data-elementor-lightbox-slideshow=\"482cb7f\" data-elementor-lightbox-title=\"OLYMPUS DIGITAL CAMERA\" data-e-action-hash=\"#elementor-action%3Aaction%3Dlightbox%26settings%3DeyJpZCI6MjEyMCwidXJsIjoiaHR0cHM6XC9cL3d3dy5tYXVyaWNpb2RhbGV0emt5LmNvbS5hclwvd2ViXC93cC1jb250ZW50XC91cGxvYWRzXC8yMDIxXC8wOFwvOS01LmpwZyIsInNsaWRlc2hvdyI6IjQ4MmNiN2YifQ%3D%3D\" href='https:\/\/www.mauriciodaletzky.com.ar\/web\/wp-content\/uploads\/2021\/08\/9-5.jpg'><img decoding=\"async\" width=\"150\" height=\"150\" src=\"https:\/\/www.mauriciodaletzky.com.ar\/web\/wp-content\/uploads\/2021\/08\/9-5-150x150.jpg\" class=\"attachment-thumbnail size-thumbnail\" alt=\"\" aria-describedby=\"gallery-1-2120\" \/><\/a>\n\t\t\t<\/div>\n\t\t\t\t<figcaption class='wp-caption-text gallery-caption' id='gallery-1-2120'>\n\t\t\t\t&#8211;\n\t\t\t\t<\/figcaption><\/figure><figure class='gallery-item'>\n\t\t\t<div class='gallery-icon landscape'>\n\t\t\t\t<a data-elementor-open-lightbox=\"yes\" data-elementor-lightbox-slideshow=\"482cb7f\" data-elementor-lightbox-title=\"OLYMPUS DIGITAL CAMERA\" data-e-action-hash=\"#elementor-action%3Aaction%3Dlightbox%26settings%3DeyJpZCI6MjEyMSwidXJsIjoiaHR0cHM6XC9cL3d3dy5tYXVyaWNpb2RhbGV0emt5LmNvbS5hclwvd2ViXC93cC1jb250ZW50XC91cGxvYWRzXC8yMDIxXC8wOFwvMTAtMy5qcGciLCJzbGlkZXNob3ciOiI0ODJjYjdmIn0%3D\" href='https:\/\/www.mauriciodaletzky.com.ar\/web\/wp-content\/uploads\/2021\/08\/10-3.jpg'><img decoding=\"async\" width=\"150\" height=\"150\" src=\"https:\/\/www.mauriciodaletzky.com.ar\/web\/wp-content\/uploads\/2021\/08\/10-3-150x150.jpg\" class=\"attachment-thumbnail size-thumbnail\" alt=\"\" aria-describedby=\"gallery-1-2121\" \/><\/a>\n\t\t\t<\/div>\n\t\t\t\t<figcaption class='wp-caption-text gallery-caption' id='gallery-1-2121'>\n\t\t\t\t&#8211;\n\t\t\t\t<\/figcaption><\/figure><figure class='gallery-item'>\n\t\t\t<div class='gallery-icon landscape'>\n\t\t\t\t<a data-elementor-open-lightbox=\"yes\" data-elementor-lightbox-slideshow=\"482cb7f\" data-elementor-lightbox-title=\"OLYMPUS DIGITAL CAMERA\" data-e-action-hash=\"#elementor-action%3Aaction%3Dlightbox%26settings%3DeyJpZCI6MjEyMiwidXJsIjoiaHR0cHM6XC9cL3d3dy5tYXVyaWNpb2RhbGV0emt5LmNvbS5hclwvd2ViXC93cC1jb250ZW50XC91cGxvYWRzXC8yMDIxXC8wOFwvMTEtMy5qcGciLCJzbGlkZXNob3ciOiI0ODJjYjdmIn0%3D\" href='https:\/\/www.mauriciodaletzky.com.ar\/web\/wp-content\/uploads\/2021\/08\/11-3.jpg'><img loading=\"lazy\" decoding=\"async\" width=\"150\" height=\"150\" src=\"https:\/\/www.mauriciodaletzky.com.ar\/web\/wp-content\/uploads\/2021\/08\/11-3-150x150.jpg\" class=\"attachment-thumbnail size-thumbnail\" alt=\"\" aria-describedby=\"gallery-1-2122\" \/><\/a>\n\t\t\t<\/div>\n\t\t\t\t<figcaption class='wp-caption-text gallery-caption' id='gallery-1-2122'>\n\t\t\t\t&#8211;\n\t\t\t\t<\/figcaption><\/figure><figure class='gallery-item'>\n\t\t\t<div class='gallery-icon portrait'>\n\t\t\t\t<a data-elementor-open-lightbox=\"yes\" data-elementor-lightbox-slideshow=\"482cb7f\" data-elementor-lightbox-title=\"OLYMPUS DIGITAL CAMERA\" data-e-action-hash=\"#elementor-action%3Aaction%3Dlightbox%26settings%3DeyJpZCI6MjEyMywidXJsIjoiaHR0cHM6XC9cL3d3dy5tYXVyaWNpb2RhbGV0emt5LmNvbS5hclwvd2ViXC93cC1jb250ZW50XC91cGxvYWRzXC8yMDIxXC8wOFwvMTItMi5qcGciLCJzbGlkZXNob3ciOiI0ODJjYjdmIn0%3D\" href='https:\/\/www.mauriciodaletzky.com.ar\/web\/wp-content\/uploads\/2021\/08\/12-2.jpg'><img loading=\"lazy\" decoding=\"async\" width=\"150\" height=\"150\" src=\"https:\/\/www.mauriciodaletzky.com.ar\/web\/wp-content\/uploads\/2021\/08\/12-2-150x150.jpg\" class=\"attachment-thumbnail size-thumbnail\" alt=\"\" aria-describedby=\"gallery-1-2123\" \/><\/a>\n\t\t\t<\/div>\n\t\t\t\t<figcaption class='wp-caption-text gallery-caption' id='gallery-1-2123'>\n\t\t\t\t&#8211;\n\t\t\t\t<\/figcaption><\/figure><figure class='gallery-item'>\n\t\t\t<div class='gallery-icon landscape'>\n\t\t\t\t<a data-elementor-open-lightbox=\"yes\" data-elementor-lightbox-slideshow=\"482cb7f\" data-elementor-lightbox-title=\"OLYMPUS DIGITAL CAMERA\" data-e-action-hash=\"#elementor-action%3Aaction%3Dlightbox%26settings%3DeyJpZCI6MjEyNCwidXJsIjoiaHR0cHM6XC9cL3d3dy5tYXVyaWNpb2RhbGV0emt5LmNvbS5hclwvd2ViXC93cC1jb250ZW50XC91cGxvYWRzXC8yMDIxXC8wOFwvMTMtMS5qcGciLCJzbGlkZXNob3ciOiI0ODJjYjdmIn0%3D\" href='https:\/\/www.mauriciodaletzky.com.ar\/web\/wp-content\/uploads\/2021\/08\/13-1.jpg'><img loading=\"lazy\" decoding=\"async\" width=\"150\" height=\"150\" src=\"https:\/\/www.mauriciodaletzky.com.ar\/web\/wp-content\/uploads\/2021\/08\/13-1-150x150.jpg\" class=\"attachment-thumbnail size-thumbnail\" alt=\"\" aria-describedby=\"gallery-1-2124\" \/><\/a>\n\t\t\t<\/div>\n\t\t\t\t<figcaption class='wp-caption-text gallery-caption' id='gallery-1-2124'>\n\t\t\t\t&#8211;\n\t\t\t\t<\/figcaption><\/figure><figure class='gallery-item'>\n\t\t\t<div class='gallery-icon landscape'>\n\t\t\t\t<a data-elementor-open-lightbox=\"yes\" data-elementor-lightbox-slideshow=\"482cb7f\" data-elementor-lightbox-title=\"OLYMPUS DIGITAL CAMERA\" data-e-action-hash=\"#elementor-action%3Aaction%3Dlightbox%26settings%3DeyJpZCI6MjEyNSwidXJsIjoiaHR0cHM6XC9cL3d3dy5tYXVyaWNpb2RhbGV0emt5LmNvbS5hclwvd2ViXC93cC1jb250ZW50XC91cGxvYWRzXC8yMDIxXC8wOFwvMTQtMS5qcGciLCJzbGlkZXNob3ciOiI0ODJjYjdmIn0%3D\" href='https:\/\/www.mauriciodaletzky.com.ar\/web\/wp-content\/uploads\/2021\/08\/14-1.jpg'><img loading=\"lazy\" decoding=\"async\" width=\"150\" height=\"150\" src=\"https:\/\/www.mauriciodaletzky.com.ar\/web\/wp-content\/uploads\/2021\/08\/14-1-150x150.jpg\" class=\"attachment-thumbnail size-thumbnail\" alt=\"\" aria-describedby=\"gallery-1-2125\" \/><\/a>\n\t\t\t<\/div>\n\t\t\t\t<figcaption class='wp-caption-text gallery-caption' id='gallery-1-2125'>\n\t\t\t\t&#8211;\n\t\t\t\t<\/figcaption><\/figure><figure class='gallery-item'>\n\t\t\t<div class='gallery-icon landscape'>\n\t\t\t\t<a data-elementor-open-lightbox=\"yes\" data-elementor-lightbox-slideshow=\"482cb7f\" data-elementor-lightbox-title=\"OLYMPUS DIGITAL CAMERA\" data-e-action-hash=\"#elementor-action%3Aaction%3Dlightbox%26settings%3DeyJpZCI6MjEyNiwidXJsIjoiaHR0cHM6XC9cL3d3dy5tYXVyaWNpb2RhbGV0emt5LmNvbS5hclwvd2ViXC93cC1jb250ZW50XC91cGxvYWRzXC8yMDIxXC8wOFwvMTUtMS5qcGciLCJzbGlkZXNob3ciOiI0ODJjYjdmIn0%3D\" href='https:\/\/www.mauriciodaletzky.com.ar\/web\/wp-content\/uploads\/2021\/08\/15-1.jpg'><img loading=\"lazy\" decoding=\"async\" width=\"150\" height=\"150\" src=\"https:\/\/www.mauriciodaletzky.com.ar\/web\/wp-content\/uploads\/2021\/08\/15-1-150x150.jpg\" class=\"attachment-thumbnail size-thumbnail\" alt=\"\" aria-describedby=\"gallery-1-2126\" \/><\/a>\n\t\t\t<\/div>\n\t\t\t\t<figcaption class='wp-caption-text gallery-caption' id='gallery-1-2126'>\n\t\t\t\t&#8211;\n\t\t\t\t<\/figcaption><\/figure><figure class='gallery-item'>\n\t\t\t<div class='gallery-icon portrait'>\n\t\t\t\t<a data-elementor-open-lightbox=\"yes\" data-elementor-lightbox-slideshow=\"482cb7f\" data-elementor-lightbox-title=\"OLYMPUS DIGITAL CAMERA\" data-e-action-hash=\"#elementor-action%3Aaction%3Dlightbox%26settings%3DeyJpZCI6MjEyNywidXJsIjoiaHR0cHM6XC9cL3d3dy5tYXVyaWNpb2RhbGV0emt5LmNvbS5hclwvd2ViXC93cC1jb250ZW50XC91cGxvYWRzXC8yMDIxXC8wOFwvMTYtMS5qcGciLCJzbGlkZXNob3ciOiI0ODJjYjdmIn0%3D\" href='https:\/\/www.mauriciodaletzky.com.ar\/web\/wp-content\/uploads\/2021\/08\/16-1.jpg'><img loading=\"lazy\" decoding=\"async\" width=\"150\" height=\"150\" src=\"https:\/\/www.mauriciodaletzky.com.ar\/web\/wp-content\/uploads\/2021\/08\/16-1-150x150.jpg\" class=\"attachment-thumbnail size-thumbnail\" alt=\"\" aria-describedby=\"gallery-1-2127\" \/><\/a>\n\t\t\t<\/div>\n\t\t\t\t<figcaption class='wp-caption-text gallery-caption' id='gallery-1-2127'>\n\t\t\t\t&#8211;\n\t\t\t\t<\/figcaption><\/figure><figure class='gallery-item'>\n\t\t\t<div class='gallery-icon landscape'>\n\t\t\t\t<a data-elementor-open-lightbox=\"yes\" data-elementor-lightbox-slideshow=\"482cb7f\" data-elementor-lightbox-title=\"OLYMPUS DIGITAL CAMERA\" data-e-action-hash=\"#elementor-action%3Aaction%3Dlightbox%26settings%3DeyJpZCI6MjEyOCwidXJsIjoiaHR0cHM6XC9cL3d3dy5tYXVyaWNpb2RhbGV0emt5LmNvbS5hclwvd2ViXC93cC1jb250ZW50XC91cGxvYWRzXC8yMDIxXC8wOFwvMTctMS5qcGciLCJzbGlkZXNob3ciOiI0ODJjYjdmIn0%3D\" href='https:\/\/www.mauriciodaletzky.com.ar\/web\/wp-content\/uploads\/2021\/08\/17-1.jpg'><img loading=\"lazy\" decoding=\"async\" width=\"150\" height=\"150\" src=\"https:\/\/www.mauriciodaletzky.com.ar\/web\/wp-content\/uploads\/2021\/08\/17-1-150x150.jpg\" class=\"attachment-thumbnail size-thumbnail\" alt=\"\" aria-describedby=\"gallery-1-2128\" \/><\/a>\n\t\t\t<\/div>\n\t\t\t\t<figcaption class='wp-caption-text gallery-caption' id='gallery-1-2128'>\n\t\t\t\t&#8211;\n\t\t\t\t<\/figcaption><\/figure><figure class='gallery-item'>\n\t\t\t<div class='gallery-icon landscape'>\n\t\t\t\t<a data-elementor-open-lightbox=\"yes\" data-elementor-lightbox-slideshow=\"482cb7f\" data-elementor-lightbox-title=\"OLYMPUS DIGITAL CAMERA\" data-e-action-hash=\"#elementor-action%3Aaction%3Dlightbox%26settings%3DeyJpZCI6MjEyOSwidXJsIjoiaHR0cHM6XC9cL3d3dy5tYXVyaWNpb2RhbGV0emt5LmNvbS5hclwvd2ViXC93cC1jb250ZW50XC91cGxvYWRzXC8yMDIxXC8wOFwvMTgtMS5qcGciLCJzbGlkZXNob3ciOiI0ODJjYjdmIn0%3D\" href='https:\/\/www.mauriciodaletzky.com.ar\/web\/wp-content\/uploads\/2021\/08\/18-1.jpg'><img loading=\"lazy\" decoding=\"async\" width=\"150\" height=\"150\" src=\"https:\/\/www.mauriciodaletzky.com.ar\/web\/wp-content\/uploads\/2021\/08\/18-1-150x150.jpg\" class=\"attachment-thumbnail size-thumbnail\" alt=\"\" aria-describedby=\"gallery-1-2129\" \/><\/a>\n\t\t\t<\/div>\n\t\t\t\t<figcaption class='wp-caption-text gallery-caption' id='gallery-1-2129'>\n\t\t\t\t&#8211;\n\t\t\t\t<\/figcaption><\/figure>\n\t\t<\/div>\n\t\t<\/div>\n\t\t\t\t\t\t<\/div>\n\t\t\t\t<\/div>\n\t\t\t\t<div class=\"elementor-element elementor-element-ef137a6 elementor-widget elementor-widget-spacer\" data-id=\"ef137a6\" data-element_type=\"widget\" data-e-type=\"widget\" data-widget_type=\"spacer.default\">\n\t\t\t\t<div class=\"elementor-widget-container\">\n\t\t\t\t\t\t\t<div class=\"elementor-spacer\">\n\t\t\t<div class=\"elementor-spacer-inner\"><\/div>\n\t\t<\/div>\n\t\t\t\t\t\t<\/div>\n\t\t\t\t<\/div>\n\t\t\t\t\t<\/div>\n\t\t<\/div>\n\t\t\t\t\t<\/div>\n\t\t<\/section>\n\t\t\t\t<section class=\"elementor-section elementor-top-section elementor-element elementor-element-90c0eca elementor-section-full_width elementor-section-content-middle elementor-section-stretched elementor-section-height-default elementor-section-height-default\" data-id=\"90c0eca\" data-element_type=\"section\" data-e-type=\"section\" data-settings=\"{&quot;background_background&quot;:&quot;classic&quot;,&quot;stretch_section&quot;:&quot;section-stretched&quot;}\">\n\t\t\t\t\t\t\t<div class=\"elementor-background-overlay\"><\/div>\n\t\t\t\t\t\t\t<div class=\"elementor-container elementor-column-gap-no\">\n\t\t\t\t\t<div class=\"elementor-column elementor-col-100 elementor-top-column elementor-element elementor-element-6da8c8d\" data-id=\"6da8c8d\" data-element_type=\"column\" data-e-type=\"column\">\n\t\t\t<div class=\"elementor-widget-wrap elementor-element-populated\">\n\t\t\t\t\t\t<section class=\"elementor-section elementor-inner-section elementor-element elementor-element-189917c elementor-section-full_width elementor-section-content-middle elementor-section-height-default elementor-section-height-default\" data-id=\"189917c\" data-element_type=\"section\" data-e-type=\"section\">\n\t\t\t\t\t\t<div class=\"elementor-container elementor-column-gap-no\">\n\t\t\t\t\t<div class=\"elementor-column elementor-col-100 elementor-inner-column elementor-element elementor-element-ca0d4f7 elementor-invisible\" data-id=\"ca0d4f7\" data-element_type=\"column\" data-e-type=\"column\" data-settings=\"{&quot;animation&quot;:&quot;fadeInRight&quot;}\">\n\t\t\t<div class=\"elementor-widget-wrap elementor-element-populated\">\n\t\t\t\t\t\t<div class=\"elementor-element elementor-element-923a4c8 elementor-widget elementor-widget-image\" data-id=\"923a4c8\" data-element_type=\"widget\" data-e-type=\"widget\" data-widget_type=\"image.default\">\n\t\t\t\t<div class=\"elementor-widget-container\">\n\t\t\t\t\t\t\t\t\t\t\t\t\t\t\t<img loading=\"lazy\" decoding=\"async\" width=\"271\" height=\"60\" src=\"https:\/\/www.mauriciodaletzky.com.ar\/web\/wp-content\/uploads\/2019\/05\/crown-top-small.png\" class=\"attachment-large size-large wp-image-124\" alt=\"\" \/>\t\t\t\t\t\t\t\t\t\t\t\t\t\t\t<\/div>\n\t\t\t\t<\/div>\n\t\t\t\t<div class=\"elementor-element elementor-element-a8f681e elementor-widget elementor-widget-heading\" data-id=\"a8f681e\" data-element_type=\"widget\" data-e-type=\"widget\" data-widget_type=\"heading.default\">\n\t\t\t\t<div class=\"elementor-widget-container\">\n\t\t\t\t\t<h5 class=\"elementor-heading-title elementor-size-default\">\"The incandescent Steel plasticity changes inside my thoughts\"<\/h5>\t\t\t\t<\/div>\n\t\t\t\t<\/div>\n\t\t\t\t<div class=\"elementor-element elementor-element-1522585 elementor-widget elementor-widget-image\" data-id=\"1522585\" data-element_type=\"widget\" data-e-type=\"widget\" data-widget_type=\"image.default\">\n\t\t\t\t<div class=\"elementor-widget-container\">\n\t\t\t\t\t\t\t\t\t\t\t\t\t\t\t<img loading=\"lazy\" decoding=\"async\" width=\"204\" height=\"40\" src=\"https:\/\/www.mauriciodaletzky.com.ar\/web\/wp-content\/uploads\/2019\/05\/crown-down-small.png\" class=\"attachment-large size-large wp-image-125\" alt=\"\" \/>\t\t\t\t\t\t\t\t\t\t\t\t\t\t\t<\/div>\n\t\t\t\t<\/div>\n\t\t\t\t\t<\/div>\n\t\t<\/div>\n\t\t\t\t\t<\/div>\n\t\t<\/section>\n\t\t\t\t\t<\/div>\n\t\t<\/div>\n\t\t\t\t\t<\/div>\n\t\t<\/section>\n\t\t\t\t<\/div>","protected":false},"excerpt":{"rendered":"<p>Ponemos a disposici\u00f3n una infraestructura pensada en ofrecer un trabajo con mejores posibilidades. Desde lo creativo, respecto al dise\u00f1o y su expresi\u00f3n art\u00edstica. Y lo funcional, la ergonom\u00eda, balance, tratamientos t\u00e9rmicos, etc. &#8211; &#8211; &#8211; &#8211; &#8211; &#8211; &#8211; &#8211; &#8211; &#8211; &#8211; \u201cLa plasticidad del acero incandescente se transforma en mis pensamientos\u201d<\/p>","protected":false},"author":1,"featured_media":0,"parent":0,"menu_order":0,"comment_status":"closed","ping_status":"closed","template":"","meta":{"zakra_page_container_layout":"customizer","zakra_page_sidebar_layout":"customizer","zakra_remove_content_margin":false,"zakra_sidebar":"customizer","zakra_transparent_header":"customizer","zakra_logo":0,"zakra_main_header_style":"default","zakra_menu_item_color":"","zakra_menu_item_hover_color":"","zakra_menu_item_active_color":"","zakra_menu_active_style":"","zakra_page_header":true,"_vp_format_video_url":"","_vp_image_focal_point":[],"footnotes":""},"class_list":["post-2114","page","type-page","status-publish","hentry"],"_links":{"self":[{"href":"https:\/\/www.mauriciodaletzky.com.ar\/web\/en\/wp-json\/wp\/v2\/pages\/2114","targetHints":{"allow":["GET"]}}],"collection":[{"href":"https:\/\/www.mauriciodaletzky.com.ar\/web\/en\/wp-json\/wp\/v2\/pages"}],"about":[{"href":"https:\/\/www.mauriciodaletzky.com.ar\/web\/en\/wp-json\/wp\/v2\/types\/page"}],"author":[{"embeddable":true,"href":"https:\/\/www.mauriciodaletzky.com.ar\/web\/en\/wp-json\/wp\/v2\/users\/1"}],"replies":[{"embeddable":true,"href":"https:\/\/www.mauriciodaletzky.com.ar\/web\/en\/wp-json\/wp\/v2\/comments?post=2114"}],"version-history":[{"count":28,"href":"https:\/\/www.mauriciodaletzky.com.ar\/web\/en\/wp-json\/wp\/v2\/pages\/2114\/revisions"}],"predecessor-version":[{"id":3038,"href":"https:\/\/www.mauriciodaletzky.com.ar\/web\/en\/wp-json\/wp\/v2\/pages\/2114\/revisions\/3038"}],"wp:attachment":[{"href":"https:\/\/www.mauriciodaletzky.com.ar\/web\/en\/wp-json\/wp\/v2\/media?parent=2114"}],"curies":[{"name":"wp","href":"https:\/\/api.w.org\/{rel}","templated":true}]}}